{"id":972,"date":"2023-02-15T16:26:58","date_gmt":"2023-02-15T15:26:58","guid":{"rendered":"https:\/\/www.secoti.it\/?page_id=20"},"modified":"2024-05-27T14:03:17","modified_gmt":"2024-05-27T12:03:17","slug":"imprint","status":"publish","type":"page","link":"https:\/\/www.secoti.it\/?page_id=972","title":{"rendered":"Imprint"},"content":{"rendered":"<ul>\n<li>Proprietario ed editore<br \/>\n<strong>Secoti di Pino Francesco<br \/>\n<\/strong>Via Prof. Sfameni n. 60 - 98040 - Scala Torregrotta (ME) - Italia<strong><br \/>\n<\/strong>email: info@secoti.it<br \/>\nTelefono: +39 090 9981948<br \/>\nPartita Iva 02006860833<\/li>\n<li>Responsabile per il contenuto <strong><p>Pino Francesco<\/p><\/strong><\/li>\n<\/ul>\n<p style=\"text-align: justify;\">Le informazioni pubblicate sul questo sito web sono state verificate e vengono aggiornate regolarmente. Tuttavia non pu\u00f2 essere garantita la completezza, la correttezza ed in ogni caso l&#8217;attualit\u00e0 delle informazioni contenute. Nel caso riscontraste errori o informazioni non aggiornate o problemi tecnici Vi preghiamo di contattarci all&#8217;indirizzo email specificato nella sezione precedente.<\/p>\n<p style=\"text-align: justify;\">Secoti di Pino Francesco si riserva il diritto di apportare in qualsiasi momento modifiche o aggiunte alle informazioni o ai dati messi a disposizione su questo sito web senza obbligo di darne ulteriore preavviso. Qualora le nostre pagine web contengano dichiarazioni previsionali, tali asserzioni si basano su opinioni e valutazioni della Secoti di Pino Francesco e sono quindi soggette a rischi e incertezze. Secoti di Pino Francesco non \u00e8 obbligata ad aggiornare tali dichiarazioni previsionali. Viene espressamente esclusa ogni responsabilit\u00e0 in relazione a tali dichiarazioni.<\/p>\n<ul>\n<li>Copyright<\/li>\n<\/ul>\n<p style=\"text-align: justify;\">Le informazioni sono in tutte le parti protette con diritto d\u2019autore. Non assumiamo alcuna responsabilit\u00e0 in riguardo all&#8217;attualit\u00e0, l&#8217;esattezza, la correttezza, l&#8217;accuratezza o la qualit\u00e0 delle informazioni contenute in questo sito. Escludiamo la responsabilit\u00e0 in riguardo a danni materiali o morali causati dall&#8217;utilizzo delle informazioni offerte e\/o dall&#8217;utilizzo di contenuti inaccurati o incompleti. Questo vale anche per tutti i siti esterni collegati tramite hyperlinks. Sui contenuti di tali siti non abbiamo alcuna influenza e non sono di nostra propriet\u00e0.<\/p>\n<ul>\n<li>Video e Foto<\/li>\n<\/ul>\n<p>Tutte i video o le immagini pubblicate su questo sito web appartengono ai loro rispettivi autori e sono qui usate in concessione senza fini commerciali.<\/p>\n<ul>\n<li>Online Dispute Resolution<\/li>\n<\/ul>\n<p style=\"text-align: justify;\">Oltre alla possibilit\u00e0 di contattarci direttamente e di comporre in questo modo le vostre controversie, la Commissione Europea ha predisposto al seguente link un&#8217;apposita piattaforma finalizzata alla risoluzione online delle controversie: <a href=\"http:\/\/ec.europa.eu\/consumers\/odr\/\">http:\/\/ec.europa.eu\/consumers\/odr\/<\/a>.<\/p>\n<p>&nbsp;<\/p>\n<p style=\"text-align: center;\">Informazione obbligatoria ai sensi del Regolamento UE n. 524\/2016 del Parlamento Europeo e del Consiglio da pubblicare in questa pagina (Imprint)<\/p>\n<p>&nbsp;<\/p>\n<ul>\n<li>Design &amp; Hosting<br \/>\n<a href=\"https:\/\/www.3web.it\" target=\"_blank\" rel=\"noopener\">3WEB<\/a><strong><br \/>\n<\/strong>Via Joe Pass, 22<br \/>\nI-98040 Gualtieri Sicamin\u00f2 (ME)<br \/>\nTel: +39 328 4120210<br \/>\ne-mail: info@3web.it<br \/>\nWebsite: www.3web.it<\/li>\n<\/ul>\n<p>&nbsp;<\/p>\n<p style=\"text-align: center;\">Ultima modifica di questo documento: <\/p>\n<p style=\"text-align: center;\">Per ulteriori informazioni oltre il documento presente (Imprint) inerenti le politiche di <a href=\"\/privacy-policy\/\">Privacy Policy<\/a> e <a href=\"\/cookies\/\">Cookies<\/a> o le Avvertenze Legali (<a href=\"\/disconoscimento\/\">Disclaimer<\/a>) invitiamo i nostri visitatori a visitare le pagine corrispondenti di questo sito web.<\/p>\n","protected":false},"excerpt":{"rendered":"<p>Proprietario ed editore email: Telefono: Responsabile per il contenuto Le informazioni pubblicate sul questo sito web sono state verificate e vengono aggiornate regolarmente. Tuttavia non pu\u00f2 essere garantita la completezza, la correttezza ed in ogni caso l&#8217;attualit\u00e0 delle informazioni contenute.<\/p>\n","protected":false},"author":1,"featured_media":0,"parent":0,"menu_order":0,"comment_status":"closed","ping_status":"closed","template":"","meta":{"inline_featured_image":false,"footnotes":""},"class_list":["post-972","page","type-page","status-publish","hentry"],"_links":{"self":[{"href":"https:\/\/www.secoti.it\/index.php?rest_route=\/wp\/v2\/pages\/972","targetHints":{"allow":["GET"]}}],"collection":[{"href":"https:\/\/www.secoti.it\/index.php?rest_route=\/wp\/v2\/pages"}],"about":[{"href":"https:\/\/www.secoti.it\/index.php?rest_route=\/wp\/v2\/types\/page"}],"author":[{"embeddable":true,"href":"https:\/\/www.secoti.it\/index.php?rest_route=\/wp\/v2\/users\/1"}],"replies":[{"embeddable":true,"href":"https:\/\/www.secoti.it\/index.php?rest_route=%2Fwp%2Fv2%2Fcomments&post=972"}],"version-history":[{"count":1,"href":"https:\/\/www.secoti.it\/index.php?rest_route=\/wp\/v2\/pages\/972\/revisions"}],"predecessor-version":[{"id":996,"href":"https:\/\/www.secoti.it\/index.php?rest_route=\/wp\/v2\/pages\/972\/revisions\/996"}],"wp:attachment":[{"href":"https:\/\/www.secoti.it\/index.php?rest_route=%2Fwp%2Fv2%2Fmedia&parent=972"}],"curies":[{"name":"wp","href":"https:\/\/api.w.org\/{rel}","templated":true}]}}