{"id":368,"date":"2018-02-20T18:31:25","date_gmt":"2018-02-20T17:31:25","guid":{"rendered":"https:\/\/www.secoti.it\/site\/?page_id=368"},"modified":"2024-05-27T16:38:45","modified_gmt":"2024-05-27T14:38:45","slug":"progetti-arredo-interno-restyling","status":"publish","type":"page","link":"https:\/\/www.secoti.it\/?page_id=368","title":{"rendered":"Progetti Arredo Interno e Restyling"},"content":{"rendered":"\t\t<div data-elementor-type=\"wp-page\" data-elementor-id=\"368\" class=\"elementor elementor-368\" data-elementor-post-type=\"page\">\n\t\t\t\t<div class=\"elementor-element elementor-element-3912cda e-flex e-con-boxed e-con e-parent\" data-id=\"3912cda\" data-element_type=\"container\">\n\t\t\t\t\t<div class=\"e-con-inner\">\n\t\t\t\t<div class=\"elementor-element elementor-element-6c5b8f7a elementor-widget elementor-widget-text-editor\" data-id=\"6c5b8f7a\" data-element_type=\"widget\" data-widget_type=\"text-editor.default\">\n\t\t\t\t<div class=\"elementor-widget-container\">\n\t\t\t\t\t\t\t\t\t<div id=\"pl-368\"  class=\"panel-layout\" ><div id=\"pg-368-0\"  class=\"panel-grid panel-no-style\"  data-style=\"{&quot;background_display&quot;:&quot;tile&quot;,&quot;full_height&quot;:&quot;&quot;,&quot;cell_alignment&quot;:&quot;flex-start&quot;}\" ><div id=\"pgc-368-0-0\"  class=\"panel-grid-cell\"  data-weight=\"0.5\" ><div id=\"panel-368-0-0-0\" class=\"so-panel widget widget_text panel-first-child panel-last-child\" data-index=\"0\" data-style=\"{&quot;background_image_attachment&quot;:false,&quot;background_display&quot;:&quot;tile&quot;,&quot;background_image_size&quot;:&quot;full&quot;,&quot;background_image_opacity&quot;:&quot;100&quot;,&quot;border_thickness&quot;:&quot;1px&quot;,&quot;margin&quot;:&quot;50px 50px 50px 50px&quot;}\" ><h3 class=\"widget-title\">Progetto di Arredamento e Restyling Personalizzato<\/h3>\t\t\t<div class=\"textwidget\"><p>Il nostro staff di progettisti, dopo aver preso nota nel primo incontro, realizza un progetto tridimensionale che permetter\u00e0 al cliente di rendersi conto meglio dell\u2019ambiente che verr\u00e0 realizzato verificandone prima la funzionalit\u00e0, gli spazi in cui muoversi, e le distanze.<\/p>\n<p>In questa fase, inoltre, vengono scelti materiali, colori, decori e le finiture, tutti rigorosamente Made in Italy.<\/p>\n<p>Nel giro di pochi minuti il cliente \u201cvede\u201d sul maxischermo in 3D il suo ambiente esattamente come sar\u00e0 una volta realizzato e riceve un preventivo di massima.<\/p>\n<p>Successivamente, il nostro team fisser\u00e0 un appuntamento con il cliente presso l&#8217;ambiente da arredare, verificher\u00e0 nei minimi dettagli tutte le misure stabilite sul progetto sviluppato, ed elaborer\u00e0 con la Realt\u00e0 Virtuale il progetto definitivo, riuscendo cos\u00ec a far vivere un&#8217;esperienza unica al cliente, scoprendo l&#8217;ambiente gi\u00e0 arredato ancora prima di acquistarlo.<\/p>\n<\/div>\n\t\t<\/div><\/div><div id=\"pgc-368-0-1\"  class=\"panel-grid-cell\"  data-weight=\"0.5\" ><div id=\"panel-368-0-1-0\" class=\"so-panel widget widget_themegrill_suffice_slider tg-section tg-slider-widget panel-first-child panel-last-child\" data-index=\"1\" data-style=\"{&quot;background_display&quot;:&quot;tile&quot;}\" >\n\t<div class=\"slider slider-hide-controls slider-controls-rounded slider-height--default\">\n\t\t<div class=\"swiper-container\" data-swiper-autoplay=\"true\">\n\t\t\t<div class=\"swiper-wrapper\">\n\t\t\t\t\t\t\t\t\t\t<div class=\"swiper-slide\">\n\t\t\t\t\t\t\t<div class=\"slider-content slider-content-default slider-content--left\">\n\t\t\t\t\t\t\t\t<div class=\"container\">\n\t\t\t\t\t\t\t\t\t<div class=\"slider-content-inner\">\n\t\t\t\t\t\t\t\t\t\t\n\t\t\t\t\t\t\t\t\t\t\n\t\t\t\t\t\t\t\t\t\t\t\t\t\t\t\t\t\t\t<\/div> <!-- slider-content-inner -->\n\t\t\t\t\t\t\t\t<\/div> <!-- .container -->\n\t\t\t\t\t\t\t<\/div> <!-- .slider-content -->\n\t\t\t\t\t\t\t<figure class=\"slider-thumbnail\">\n\t\t\t\t\t\t\t\t<img decoding=\"async\" src=\"http:\/\/www.secoti.it\/site\/wp-content\/uploads\/2018\/02\/1-Progetto-Interno-Restyling.jpg\" alt=\"\" \/>\n\t\t\t\t\t\t\t<\/figure>\n\t\t\t\t\t\t<\/div> <!-- swiper-slide -->\n\t\t\t\t\t\t\t\t\t\t\t\t<div class=\"swiper-slide\">\n\t\t\t\t\t\t\t<div class=\"slider-content slider-content-default slider-content--left\">\n\t\t\t\t\t\t\t\t<div class=\"container\">\n\t\t\t\t\t\t\t\t\t<div class=\"slider-content-inner\">\n\t\t\t\t\t\t\t\t\t\t\n\t\t\t\t\t\t\t\t\t\t\n\t\t\t\t\t\t\t\t\t\t\t\t\t\t\t\t\t\t\t<\/div> <!-- slider-content-inner -->\n\t\t\t\t\t\t\t\t<\/div> <!-- .container -->\n\t\t\t\t\t\t\t<\/div> <!-- .slider-content -->\n\t\t\t\t\t\t\t<figure class=\"slider-thumbnail\">\n\t\t\t\t\t\t\t\t<img decoding=\"async\" src=\"http:\/\/www.secoti.it\/site\/wp-content\/uploads\/2018\/02\/2-Progetto-Interno-Restyling.jpg\" alt=\"\" \/>\n\t\t\t\t\t\t\t<\/figure>\n\t\t\t\t\t\t<\/div> <!-- swiper-slide -->\n\t\t\t\t\t\t\t\t\t\t\t\t<div class=\"swiper-slide\">\n\t\t\t\t\t\t\t<div class=\"slider-content slider-content-default slider-content--left\">\n\t\t\t\t\t\t\t\t<div class=\"container\">\n\t\t\t\t\t\t\t\t\t<div class=\"slider-content-inner\">\n\t\t\t\t\t\t\t\t\t\t\n\t\t\t\t\t\t\t\t\t\t\n\t\t\t\t\t\t\t\t\t\t\t\t\t\t\t\t\t\t\t<\/div> <!-- slider-content-inner -->\n\t\t\t\t\t\t\t\t<\/div> <!-- .container -->\n\t\t\t\t\t\t\t<\/div> <!-- .slider-content -->\n\t\t\t\t\t\t\t<figure class=\"slider-thumbnail\">\n\t\t\t\t\t\t\t\t<img decoding=\"async\" src=\"http:\/\/www.secoti.it\/site\/wp-content\/uploads\/2018\/02\/3-Progetto-Interno-Restyling.jpg\" alt=\"\" \/>\n\t\t\t\t\t\t\t<\/figure>\n\t\t\t\t\t\t<\/div> <!-- swiper-slide -->\n\t\t\t\t\t\t\t\t\t\t\t\t<div class=\"swiper-slide\">\n\t\t\t\t\t\t\t<div class=\"slider-content slider-content-default slider-content--left\">\n\t\t\t\t\t\t\t\t<div class=\"container\">\n\t\t\t\t\t\t\t\t\t<div class=\"slider-content-inner\">\n\t\t\t\t\t\t\t\t\t\t\n\t\t\t\t\t\t\t\t\t\t\n\t\t\t\t\t\t\t\t\t\t\t\t\t\t\t\t\t\t\t<\/div> <!-- slider-content-inner -->\n\t\t\t\t\t\t\t\t<\/div> <!-- .container -->\n\t\t\t\t\t\t\t<\/div> <!-- .slider-content -->\n\t\t\t\t\t\t\t<figure class=\"slider-thumbnail\">\n\t\t\t\t\t\t\t\t<img decoding=\"async\" src=\"http:\/\/www.secoti.it\/site\/wp-content\/uploads\/2018\/02\/4-Progetto-Interno-Restyling.jpg\" alt=\"\" \/>\n\t\t\t\t\t\t\t<\/figure>\n\t\t\t\t\t\t<\/div> <!-- swiper-slide -->\n\t\t\t\t\t\t\t\t\t<\/div> <!-- end swiper-wrapper -->\n\n\t\t\t<div class=\"swiper-pagination\"><\/div>\n\t\t\t<div class=\"swiper-button-next\"><\/div>\n\t\t\t<div class=\"swiper-button-prev\"><\/div>\n\t\t<\/div> <!-- end swiper-container -->\n\n\t<\/div> <!-- end slider -->\n<\/div><\/div><\/div><div id=\"pg-368-1\"  class=\"panel-grid panel-no-style\"  data-style=\"{&quot;background_display&quot;:&quot;tile&quot;,&quot;full_height&quot;:&quot;&quot;,&quot;cell_alignment&quot;:&quot;flex-start&quot;}\" ><div id=\"pgc-368-1-0\"  class=\"panel-grid-cell\"  data-weight=\"1\" ><div id=\"panel-368-1-0-0\" class=\"so-panel widget widget_themegrill_suffice_portfolio tg-portfolio-container panel-first-child panel-last-child\" data-index=\"2\" data-style=\"{&quot;background_display&quot;:&quot;tile&quot;}\" ><div class=\"portfolio-container\"><ul class=\"portfolio-items row portfolio-with-text\"><li class=\"portfolio-item col-md-3 interni \" data-category=\"interni \"><figure class=\"portfolio-item-thumbnail\"><a href=\"https:\/\/www.secoti.it\/?portfolio=living-boiserie\" ><img fetchpriority=\"high\" decoding=\"async\" width=\"572\" height=\"552\" src=\"https:\/\/www.secoti.it\/wp-content\/uploads\/2018\/02\/Realizzazioni-Interni-12-572x552.jpg\" class=\"attachment-suffice-thumbnail-portfolio size-suffice-thumbnail-portfolio wp-post-image\" alt=\"\" \/><\/a><figcaption class=\"portfolio-item-description\"><h5 class=\"portfolio-item-title\"><a href = \"https:\/\/www.secoti.it\/?portfolio=living-boiserie\">LIVING<\/a><\/h5><span class=\"portfolio-item-categories\">INTERNI<\/span><\/figcaption><\/figure><\/li><li class=\"portfolio-item col-md-3 interni \" data-category=\"interni \"><figure class=\"portfolio-item-thumbnail\"><a href=\"https:\/\/www.secoti.it\/?portfolio=interni-13\" ><img decoding=\"async\" width=\"572\" height=\"552\" src=\"https:\/\/www.secoti.it\/wp-content\/uploads\/2018\/02\/Realizzazioni-Interni-17-572x552.jpg\" class=\"attachment-suffice-thumbnail-portfolio size-suffice-thumbnail-portfolio wp-post-image\" alt=\"\" \/><\/a><figcaption class=\"portfolio-item-description\"><h5 class=\"portfolio-item-title\"><a href = \"https:\/\/www.secoti.it\/?portfolio=interni-13\">CAMERETTA<\/a><\/h5><span class=\"portfolio-item-categories\">INTERNI<\/span><\/figcaption><\/figure><\/li><li class=\"portfolio-item col-md-3 interni \" data-category=\"interni \"><figure class=\"portfolio-item-thumbnail\"><a href=\"https:\/\/www.secoti.it\/?portfolio=interni-12\" ><img decoding=\"async\" width=\"572\" height=\"552\" src=\"https:\/\/www.secoti.it\/wp-content\/uploads\/2018\/02\/Realizzazioni-Interni-5-572x552.jpg\" class=\"attachment-suffice-thumbnail-portfolio size-suffice-thumbnail-portfolio wp-post-image\" alt=\"\" \/><\/a><figcaption class=\"portfolio-item-description\"><h5 class=\"portfolio-item-title\"><a href = \"https:\/\/www.secoti.it\/?portfolio=interni-12\">CUCINA<\/a><\/h5><span class=\"portfolio-item-categories\">INTERNI<\/span><\/figcaption><\/figure><\/li><li class=\"portfolio-item col-md-3 interni \" data-category=\"interni \"><figure class=\"portfolio-item-thumbnail\"><a href=\"https:\/\/www.secoti.it\/?portfolio=interni-11\" ><img loading=\"lazy\" decoding=\"async\" width=\"572\" height=\"552\" src=\"https:\/\/www.secoti.it\/wp-content\/uploads\/2018\/02\/Realizzazioni-Interni-15-572x552.jpg\" class=\"attachment-suffice-thumbnail-portfolio size-suffice-thumbnail-portfolio wp-post-image\" alt=\"\" \/><\/a><figcaption class=\"portfolio-item-description\"><h5 class=\"portfolio-item-title\"><a href = \"https:\/\/www.secoti.it\/?portfolio=interni-11\">CAMERETTA<\/a><\/h5><span class=\"portfolio-item-categories\">INTERNI<\/span><\/figcaption><\/figure><\/li><li class=\"portfolio-item col-md-3 interni \" data-category=\"interni \"><figure class=\"portfolio-item-thumbnail\"><a href=\"https:\/\/www.secoti.it\/?portfolio=interni-10\" ><img loading=\"lazy\" decoding=\"async\" width=\"572\" height=\"552\" src=\"https:\/\/www.secoti.it\/wp-content\/uploads\/2018\/02\/Realizzazioni-Interni-6-572x552.jpg\" class=\"attachment-suffice-thumbnail-portfolio size-suffice-thumbnail-portfolio wp-post-image\" alt=\"\" \/><\/a><figcaption class=\"portfolio-item-description\"><h5 class=\"portfolio-item-title\"><a href = \"https:\/\/www.secoti.it\/?portfolio=interni-10\">CUCINA<\/a><\/h5><span class=\"portfolio-item-categories\">INTERNI<\/span><\/figcaption><\/figure><\/li><li class=\"portfolio-item col-md-3 interni \" data-category=\"interni \"><figure class=\"portfolio-item-thumbnail\"><a href=\"https:\/\/www.secoti.it\/?portfolio=interni-9\" ><img loading=\"lazy\" decoding=\"async\" width=\"572\" height=\"552\" src=\"https:\/\/www.secoti.it\/wp-content\/uploads\/2018\/02\/Realizzazioni-Interni-10-572x552.jpg\" class=\"attachment-suffice-thumbnail-portfolio size-suffice-thumbnail-portfolio wp-post-image\" alt=\"\" \/><\/a><figcaption class=\"portfolio-item-description\"><h5 class=\"portfolio-item-title\"><a href = \"https:\/\/www.secoti.it\/?portfolio=interni-9\">CAMERA<\/a><\/h5><span class=\"portfolio-item-categories\">INTERNI<\/span><\/figcaption><\/figure><\/li><li class=\"portfolio-item col-md-3 interni \" data-category=\"interni \"><figure class=\"portfolio-item-thumbnail\"><a href=\"https:\/\/www.secoti.it\/?portfolio=interni-8\" ><img loading=\"lazy\" decoding=\"async\" width=\"572\" height=\"552\" src=\"https:\/\/www.secoti.it\/wp-content\/uploads\/2018\/02\/Realizzazioni-Interni-18-572x552.jpg\" class=\"attachment-suffice-thumbnail-portfolio size-suffice-thumbnail-portfolio wp-post-image\" alt=\"\" \/><\/a><figcaption class=\"portfolio-item-description\"><h5 class=\"portfolio-item-title\"><a href = \"https:\/\/www.secoti.it\/?portfolio=interni-8\">BAGNO<\/a><\/h5><span class=\"portfolio-item-categories\">INTERNI<\/span><\/figcaption><\/figure><\/li><li class=\"portfolio-item col-md-3 interni \" data-category=\"interni \"><figure class=\"portfolio-item-thumbnail\"><a href=\"https:\/\/www.secoti.it\/?portfolio=interni-7\" ><img loading=\"lazy\" decoding=\"async\" width=\"572\" height=\"552\" src=\"https:\/\/www.secoti.it\/wp-content\/uploads\/2018\/02\/Realizzazioni-Interni-3-572x552.jpg\" class=\"attachment-suffice-thumbnail-portfolio size-suffice-thumbnail-portfolio wp-post-image\" alt=\"\" \/><\/a><figcaption class=\"portfolio-item-description\"><h5 class=\"portfolio-item-title\"><a href = \"https:\/\/www.secoti.it\/?portfolio=interni-7\">CUCINA<\/a><\/h5><span class=\"portfolio-item-categories\">INTERNI<\/span><\/figcaption><\/figure><\/li><li class=\"portfolio-item col-md-3 interni \" data-category=\"interni \"><figure class=\"portfolio-item-thumbnail\"><a href=\"https:\/\/www.secoti.it\/?portfolio=interni-6\" ><img loading=\"lazy\" decoding=\"async\" width=\"572\" height=\"552\" src=\"https:\/\/www.secoti.it\/wp-content\/uploads\/2018\/02\/Realizzazioni-Interni-20-572x552.jpg\" class=\"attachment-suffice-thumbnail-portfolio size-suffice-thumbnail-portfolio wp-post-image\" alt=\"\" \/><\/a><figcaption class=\"portfolio-item-description\"><h5 class=\"portfolio-item-title\"><a href = \"https:\/\/www.secoti.it\/?portfolio=interni-6\">NEGOZI<\/a><\/h5><span class=\"portfolio-item-categories\">INTERNI<\/span><\/figcaption><\/figure><\/li><li class=\"portfolio-item col-md-3 interni \" data-category=\"interni \"><figure class=\"portfolio-item-thumbnail\"><a href=\"https:\/\/www.secoti.it\/?portfolio=interni-5\" ><img loading=\"lazy\" decoding=\"async\" width=\"572\" height=\"552\" src=\"https:\/\/www.secoti.it\/wp-content\/uploads\/2018\/02\/Realizzazioni-Interni-21-572x552.jpg\" class=\"attachment-suffice-thumbnail-portfolio size-suffice-thumbnail-portfolio wp-post-image\" alt=\"\" \/><\/a><figcaption class=\"portfolio-item-description\"><h5 class=\"portfolio-item-title\"><a href = \"https:\/\/www.secoti.it\/?portfolio=interni-5\">NEGOZI<\/a><\/h5><span class=\"portfolio-item-categories\">INTERNI<\/span><\/figcaption><\/figure><\/li><li class=\"portfolio-item col-md-3 interni \" data-category=\"interni \"><figure class=\"portfolio-item-thumbnail\"><a href=\"https:\/\/www.secoti.it\/?portfolio=interni-4\" ><img loading=\"lazy\" decoding=\"async\" width=\"572\" height=\"552\" src=\"https:\/\/www.secoti.it\/wp-content\/uploads\/2018\/02\/Realizzazioni-Interni-14-572x552.jpg\" class=\"attachment-suffice-thumbnail-portfolio size-suffice-thumbnail-portfolio wp-post-image\" alt=\"\" \/><\/a><figcaption class=\"portfolio-item-description\"><h5 class=\"portfolio-item-title\"><a href = \"https:\/\/www.secoti.it\/?portfolio=interni-4\">CAMERA<\/a><\/h5><span class=\"portfolio-item-categories\">INTERNI<\/span><\/figcaption><\/figure><\/li><li class=\"portfolio-item col-md-3 interni \" data-category=\"interni \"><figure class=\"portfolio-item-thumbnail\"><a href=\"https:\/\/www.secoti.it\/?portfolio=interni-3\" ><img loading=\"lazy\" decoding=\"async\" width=\"572\" height=\"552\" src=\"https:\/\/www.secoti.it\/wp-content\/uploads\/2018\/02\/Realizzazioni-Interni-4-572x552.jpg\" class=\"attachment-suffice-thumbnail-portfolio size-suffice-thumbnail-portfolio wp-post-image\" alt=\"\" \/><\/a><figcaption class=\"portfolio-item-description\"><h5 class=\"portfolio-item-title\"><a href = \"https:\/\/www.secoti.it\/?portfolio=interni-3\">CUCINA<\/a><\/h5><span class=\"portfolio-item-categories\">INTERNI<\/span><\/figcaption><\/figure><\/li><\/ul><!-- \/ul.portfolio-items --><\/div><!-- \/.portfolio-container --><\/div><\/div><\/div><\/div>\t\t\t\t\t\t\t\t<\/div>\n\t\t\t\t<\/div>\n\t\t\t\t\t<\/div>\n\t\t\t\t<\/div>\n\t\t\t\t<\/div>\n\t\t","protected":false},"excerpt":{"rendered":"<p>Progetto di Arredamento e Restyling Personalizzato Il nostro staff di progettisti, dopo aver preso nota nel primo incontro, realizza un progetto tridimensionale che permetter\u00e0 al cliente di rendersi conto meglio dell\u2019ambiente che verr\u00e0 realizzato verificandone prima la funzionalit\u00e0, gli spazi<\/p>\n","protected":false},"author":1,"featured_media":0,"parent":0,"menu_order":0,"comment_status":"closed","ping_status":"closed","template":"page-templates\/page-builder.php","meta":{"inline_featured_image":false,"footnotes":""},"class_list":["post-368","page","type-page","status-publish","hentry"],"_links":{"self":[{"href":"https:\/\/www.secoti.it\/index.php?rest_route=\/wp\/v2\/pages\/368","targetHints":{"allow":["GET"]}}],"collection":[{"href":"https:\/\/www.secoti.it\/index.php?rest_route=\/wp\/v2\/pages"}],"about":[{"href":"https:\/\/www.secoti.it\/index.php?rest_route=\/wp\/v2\/types\/page"}],"author":[{"embeddable":true,"href":"https:\/\/www.secoti.it\/index.php?rest_route=\/wp\/v2\/users\/1"}],"replies":[{"embeddable":true,"href":"https:\/\/www.secoti.it\/index.php?rest_route=%2Fwp%2Fv2%2Fcomments&post=368"}],"version-history":[{"count":17,"href":"https:\/\/www.secoti.it\/index.php?rest_route=\/wp\/v2\/pages\/368\/revisions"}],"predecessor-version":[{"id":1112,"href":"https:\/\/www.secoti.it\/index.php?rest_route=\/wp\/v2\/pages\/368\/revisions\/1112"}],"wp:attachment":[{"href":"https:\/\/www.secoti.it\/index.php?rest_route=%2Fwp%2Fv2%2Fmedia&parent=368"}],"curies":[{"name":"wp","href":"https:\/\/api.w.org\/{rel}","templated":true}]}}