{"id":3,"date":"2023-02-15T16:01:33","date_gmt":"2023-02-15T15:01:33","guid":{"rendered":"https:\/\/www.secoti.it\/?page_id=3"},"modified":"2023-02-15T16:01:33","modified_gmt":"2023-02-15T15:01:33","slug":"privacy-policy","status":"publish","type":"page","link":"https:\/\/www.secoti.it\/?page_id=3","title":{"rendered":"Privacy Policy"},"content":{"rendered":"<h2 style=\"text-align: center;\">Privacy Policy<\/h2>\n<p style=\"text-align: center;\"><strong>Informativa resa ai sensi degli art. 13-14 del GDPR (General Data Protection Regulation) 2016\/679<\/strong><\/p>\n<p style=\"text-align: center;\">Ci impegniamo a proteggere e rispettare la vostra privacy. Questa pagina spiega come utilizziamo le informazioni personali che ci fornite attraverso il questo sito web.<\/p>\n<p style=\"text-align: justify;\">Ai sensi degli articoli 13-14 del GDPR 2016\/679 i dati personali verranno esclusivamente trattati ai fini dell\u2019erogazione dei servizi offerti da questo sito web.<br \/>\nIl Titolare e responsabile del trattamento dati \u00e8 <strong>Secoti di Pino Francesco, Via Prof. Sfameni n. 60 - 98040 - Scala Torregrotta (ME) - Italia,<\/strong> <strong>Partita Iva 02006860833 <\/strong>(di seguito denominato <strong>fornitore<\/strong>);<br \/>\nPer esercitare i diritti di cui all\u2019Art. 7 e\/o per eventuali chiarimenti in materia di tutela dati personali il fornitore \u00e8 raggiungibile all\u2019indirizzo email: <strong>info@secoti.it<\/strong><\/p>\n<p style=\"text-align: justify;\">Il fornitore non si assume alcuna responsabilit\u00e0 in merito ad eventuali problemi che possano insorgere per effetto dell\u2019utilizzazione del sito o di siti esterni ad esso collegati. Il fornitore, salvo diverse indicazioni di legge, non potr\u00e0 essere ritenuta in alcun modo responsabile dei danni di qualsiasi natura causati direttamente o indirettamente dall\u2019accesso al sito, dall\u2019incapacit\u00e0 o impossibilit\u00e0 di accedervi, dall\u2019affidamento alle notizie in esso contenute o dal loro impiego. Il fornitore si riserva il diritto di modificare i contenuti del sito e di queste note in qualsiasi momento e senza alcun preavviso.<\/p>\n<p style=\"text-align: justify;\"><strong>Siti esterni collegati<\/strong><\/p>\n<p style=\"text-align: justify;\">I collegamenti a siti esterni, indicati in questo sito, sono forniti come semplice servizio agli utenti, con esclusione di ogni responsabilit\u00e0 sulla correttezza e sulla completezza dell\u2019insieme dei collegamenti indicati. L\u2019indicazione dei collegamenti non implica da parte del fornitore alcun tipo di approvazione o condivisione di responsabilit\u00e0 in relazione alla legittimit\u00e0, alla completezza e alla correttezza delle informazioni contenute nei siti indicati. Se si fa clic su un link di terzi, si viene dunque indirizzati al sito di tali terzi. Vi consigliamo vivamente di prendere visione dell&#8217;Informativa sulla privacy di ogni sito che visitate. Non abbiamo alcun controllo e non ci assumiamo alcuna responsabilit\u00e0 per il contenuto, le politiche sulla privacy o le pratiche di siti o servizi di terzi.<\/p>\n<p style=\"text-align: justify;\"><strong>Questo sito web raccoglie alcuni Dati Personali dei propri Utenti<\/strong><\/p>\n<p>Possiamo raccogliere alcune informazioni personali che ci fornite durante le vostre comunicazioni con noi in merito ai nostri servizi. Oltre a questo, potremmo aver bisogno di utilizzare le informazioni personali dell&#8217;utente per le verifiche e l&#8217;adempimento dei nostri obblighi legali ai sensi della legge applicabile.<\/p>\n<p>Dati personali raccolti per le seguenti finalit\u00e0 ed utilizzando i seguenti servizi:<\/p>\n<ul>\n<li>Contattare l&#8217;Utente: Modulo di contatto (Dati Personali: nome; cognome; email; telefono, citt\u00e0)<\/li>\n<li>Protezione dallo SPAM: Google reCAPTCHA (Dati Personali: Dati di utilizzo; Strumento di Tracciamento)<\/li>\n<li>Statistica: Google Analytics 4 (Dati Personali: Dati di utilizzo; Strumento di Tracciamento)<\/li>\n<li>Visualizzazione di contenuti da piattaforme esterne: Google Fonts (Dati Personali: Dati di utilizzo; varie tipologie di Dati secondo quanto specificato dalla privacy policy del servizio)<\/li>\n<\/ul>\n<p style=\"text-align: justify;\">Utilizzando questi fornitori di servizi terzi, tra cui Google Fonts, Google Analytics, questi sono tenuti a mantenere le informazioni personali dell&#8217;utente sicure e riservate e a utilizzarle solo per gli scopi sopra indicati, in conformit\u00e0 con la presente Informativa sulla privacy. L&#8217;utente \u00e8 consapevole e accetta che la legislazione sulla protezione dei dati applicabile a tali fornitori di servizi potrebbe non essere cos\u00ec protettiva come quella del proprio paese di residenza. Accettando la presente Informativa sulla privacy, l&#8217;utente acconsente all&#8217;utilizzo dei suoi dati personali da parte di tali fornitori di servizi terzi. Prenderemo tutte le misure ragionevolmente necessarie per garantire che i vostri dati siano trattati in modo sicuro e in conformit\u00e0 con la presente Informativa sulla privacy e nessun trasferimento dei vostri dati personali avverr\u00e0 a un&#8217;organizzazione o a un paese a meno che non vi siano controlli adeguati in atto, compresa la sicurezza dei vostri dati e di altre informazioni personali.<br \/>\nPer ulteriori informazioni leggi la sezione &#8220;Tipi di Dati Trattati&#8221; a seguire in questa pagina.<\/p>\n<p style=\"text-align: justify;\"><strong>Sicurezza dei vostri dati personali<\/strong><br \/>\nAdottiamo misure tecniche adeguate per mantenere i vostri dati personali riservati e protetti da distruzione o perdita accidentale o illegale, alterazione, divulgazione o accesso non autorizzato.<\/p>\n<p style=\"text-align: center;\"><strong>Tipi di Dati Trattati<\/strong><\/p>\n<p style=\"text-align: justify;\"><strong>Dati di navigazione<\/strong><br \/>\nI sistemi informatici e le procedure software preposte al funzionamento di questo sito web acquisiscono, nel corso del loro normale esercizio, alcuni dati personali la cui trasmissione \u00e8 implicita nell\u2019uso dei protocolli di comunicazione di Internet. Si tratta di informazioni che non sono raccolte per essere associate a interessati identificati, ma che per loro stessa natura potrebbero, attraverso elaborazioni ed associazioni con dati detenuti da terzi, permettere di identificare gli utenti.<br \/>\nIn questa categoria di dati rientrano gli indirizzi IP o i nomi di dominio dei computer utilizzati dagli utenti che si connettono al sito, gli indirizzi in notazione URI (Uniform Resource Identifier) delle risorse richieste, l\u2019orario della richiesta, il metodo utilizzato nel sottoporre la richiesta al server, la dimensione del file ottenuto in risposta, il codice numerico indicante lo stato della risposta data dal server (buon fine, errore, ecc.) ed altri parametri relativi al sistema operativo e all\u2019ambiente informatico dell\u2019utente. Questi dati vengono utilizzati al fine di ricavare informazioni statistiche anonime sull\u2019uso del sito e per assicurarne il corretto funzionamento. I dati potrebbero essere utilizzati, dietro richiesta delle competenti Autorit\u00e0, per l\u2019eventuale accertamento di responsabilit\u00e0 in caso di ipotetici reati informatici ai danni del sito.<\/p>\n<p style=\"text-align: justify;\"><strong>Dati forniti volontariamente dall\u2019utente<\/strong><\/p>\n<p style=\"text-align: justify;\">Per l\u2019accesso ad alcuni servizi erogati tramite questo sito, potr\u00e0 essere richiesto l\u2019invio facoltativo, esplicito e volontario di posta elettronica agli indirizzi indicati su questo sito. L\u2019eventuale richiesta comporta la successiva acquisizione dell\u2019indirizzo del mittente, necessario per rispondere alle richieste, nonch\u00e9 degli eventuali altri dati personali inseriti nella comunicazione. Specifiche informative verranno eventualmente riportate o visualizzate nelle pagine del sito predisposte per particolari servizi a richiesta.<\/p>\n<p>&nbsp;<\/p>\n<p style=\"text-align: justify;\"><strong>Ai sensi dell\u2019articolo 13 del GDPR 2016\/679, per chiarire ulteriormente la nostra politica di Privacy Policy, Le forniamo inoltre le seguenti informazioni:<\/strong><\/p>\n<blockquote><p><strong>Quali dati raccogliamo e dove?<\/strong><\/p><\/blockquote>\n<p style=\"text-align: justify;\">Dati personali (nome, cognome, telefono, indirizzo email, etc), sono richiesti solo al momento della registrazione al sito web in funzione del tipo iscrizione richiesta (acquisti, newsletter.. etc.) o in fase di compilazione di un formulario di contatto.<\/p>\n<blockquote><p><strong>Come utilizzeremo i vostri dati?<\/strong><\/p><\/blockquote>\n<p>I dati personali forniti saranno oggetto:<br \/>\n\u2022 in relazione ad obblighi di legge: di trattamento connesso alla gestione fiscale (fatturazione, IVA, etc.);<br \/>\n\u2022 in relazione all\u2019 esercizio interno dell\u2019azienda: di trattamento ai fini della gestione anagrafica (indirizzo di spedizione, contatto telefonico.. etc.)<br \/>\n\u2022 in relazione ad eventuali invii di email: di trattamento ai fini di eventuali invii di messaggi di posta elettronica (ordini, spedizioni, promozioni)<\/p>\n<p style=\"text-align: justify;\">Si informa che, tenuto conto delle finalit\u00e0 del trattamento come sopra illustrate, il conferimento dei dati \u00e8 obbligatorio ed il loro mancato, parziale o inesatto conferimento potr\u00e0 avere, come conseguenza, l\u2019impossibilit\u00e0 del fornitore di assolvere gli adempimenti contrattuali.<\/p>\n<p style=\"text-align: justify;\">Ove il soggetto che conferisce i dati abbia un\u2019et\u00e0 inferiore ai 16 anni, tale trattamento \u00e8 lecito soltanto se e nella misura in cui, tale consenso \u00e8 prestato o autorizzato dal titolare della responsabilit\u00e0 genitoriale per il quale sono acquisiti i dati identificativi e copia dei documenti di riconoscimento.<\/p>\n<blockquote><p><strong>Come conserviamo i vostri dati?<\/strong><\/p><\/blockquote>\n<p style=\"text-align: justify;\">Il trattamento sar\u00e0 effettuato sia con strumenti manuali e\/o informatici e telematici con logiche di organizzazione ed elaborazione strettamente correlate alle finalit\u00e0 stesse e comunque in modo da garantire la sicurezza, l\u2019integrit\u00e0 e la riservatezza dei dati stessi nel rispetto delle misure organizzative, fisiche e logiche previste dalle disposizioni vigenti.<br \/>\nI dati personali vengono conservati per tutta la durata del rapporto e, nel caso di revoca e\/o altro tipo di cessazione del rapporto, nei termini prescrizionali indicati nell\u2019art. 19 del D. L.vo 35\/2017.<\/p>\n<blockquote><p><strong>Quali sono i suoi diritti?<\/strong><\/p><\/blockquote>\n<p style=\"text-align: justify;\">Lei potr\u00e0, in qualsiasi momento, esercitare i diritti:<\/p>\n<ol>\n<li style=\"text-align: justify;\">di accesso ai dati personali;<\/li>\n<li style=\"text-align: justify;\">di ottenere la rettifica o la cancellazione degli stessi o la limitazione del trattamento che lo riguardano;<\/li>\n<li style=\"text-align: justify;\">di opporsi al trattamento;<\/li>\n<li style=\"text-align: justify;\">alla portabilit\u00e0 dei dati;<\/li>\n<li style=\"text-align: justify;\">di revocare il consenso, ove previsto: la revoca del consenso non pregiudica la liceit\u00e0 del trattamento basata sul consenso conferito prima della revoca;<\/li>\n<li style=\"text-align: justify;\">di proporre reclamo all\u2019autorit\u00e0 di controllo (Garante Privacy).L\u2019esercizio dei suoi diritti potr\u00e0 avvenire attraverso l\u2019invio di una richiesta mediante email all\u2019indirizzo email indicato all\u2019inizio di questa pagina.<\/li>\n<\/ol>\n<p>&nbsp;<\/p>\n<p style=\"text-align: center;\"><img decoding=\"async\" class=\"alignnone wp-image-87\" src=\"\/wp-content\/uploads\/2023\/03\/privacy.png\" alt=\"\" width=\"50\" height=\"54\" \/><\/p>\n<p style=\"text-align: center;\">Ultima modifica di questo documento: <\/p>\n<p style=\"text-align: center;\">Per ulteriori informazioni oltre il documento presente (Privacy Policy) inerenti i\u00a0<a href=\"\/cookies\/\">Cookies<\/a> o le Avvertenze Legali (<a href=\"\/disconoscimento\/\">Disclaimer<\/a>) invitiamo i nostri visitatori a visitare le pagine corrispondenti di questo sito web. Invitiamo inoltre eventuali visitatori di Germania, Austria e Svizzera a consultare le informazioni nella pagina \u201c<a href=\"\/imprint\/\">Imprint<\/a>\u201d o \u201cImpressum\u201d.<\/p>\n","protected":false},"excerpt":{"rendered":"<p>Privacy Policy Informativa resa ai sensi degli art. 13-14 del GDPR (General Data Protection Regulation) 2016\/679 Ci impegniamo a proteggere e rispettare la vostra privacy. Questa pagina spiega come utilizziamo le informazioni personali che ci fornite attraverso il questo sito<\/p>\n","protected":false},"author":1,"featured_media":0,"parent":0,"menu_order":0,"comment_status":"closed","ping_status":"closed","template":"","meta":{"inline_featured_image":false,"footnotes":""},"class_list":["post-3","page","type-page","status-publish","hentry"],"_links":{"self":[{"href":"https:\/\/www.secoti.it\/index.php?rest_route=\/wp\/v2\/pages\/3","targetHints":{"allow":["GET"]}}],"collection":[{"href":"https:\/\/www.secoti.it\/index.php?rest_route=\/wp\/v2\/pages"}],"about":[{"href":"https:\/\/www.secoti.it\/index.php?rest_route=\/wp\/v2\/types\/page"}],"author":[{"embeddable":true,"href":"https:\/\/www.secoti.it\/index.php?rest_route=\/wp\/v2\/users\/1"}],"replies":[{"embeddable":true,"href":"https:\/\/www.secoti.it\/index.php?rest_route=%2Fwp%2Fv2%2Fcomments&post=3"}],"version-history":[{"count":0,"href":"https:\/\/www.secoti.it\/index.php?rest_route=\/wp\/v2\/pages\/3\/revisions"}],"wp:attachment":[{"href":"https:\/\/www.secoti.it\/index.php?rest_route=%2Fwp%2Fv2%2Fmedia&parent=3"}],"curies":[{"name":"wp","href":"https:\/\/api.w.org\/{rel}","templated":true}]}}